{"id":89,"date":"2021-02-20T16:13:33","date_gmt":"2021-02-20T16:13:33","guid":{"rendered":"https:\/\/thai-shokdee.ch\/Shokdee\/?page_id=89"},"modified":"2025-02-21T10:30:09","modified_gmt":"2025-02-21T10:30:09","slug":"menukarte","status":"publish","type":"page","link":"https:\/\/thai-shokdee.ch\/Shokdee\/menukarte\/","title":{"rendered":"Menukarte"},"content":{"rendered":"\t\t<div data-elementor-type=\"wp-page\" data-elementor-id=\"89\" class=\"elementor elementor-89\" data-elementor-settings=\"[]\">\n\t\t\t\t\t\t\t<div class=\"elementor-section-wrap\">\n\t\t\t\t\t\t\t<section class=\"elementor-section elementor-top-section elementor-element elementor-element-a456fcc elementor-section-boxed elementor-section-height-default elementor-section-height-default\" data-id=\"a456fcc\" data-element_type=\"section\">\n\t\t\t\t\t\t<div class=\"elementor-container elementor-column-gap-default\">\n\t\t\t\t\t<div class=\"elementor-column elementor-col-100 elementor-top-column elementor-element elementor-element-b9f4995\" data-id=\"b9f4995\" data-element_type=\"column\">\n\t\t\t<div class=\"elementor-widget-wrap elementor-element-populated\">\n\t\t\t\t\t\t\t\t<div class=\"elementor-element elementor-element-85de02d elementor-arrows-position-inside elementor-pagination-position-outside elementor-widget elementor-widget-image-carousel\" data-id=\"85de02d\" data-element_type=\"widget\" data-settings=\"{&quot;navigation&quot;:&quot;both&quot;,&quot;autoplay&quot;:&quot;yes&quot;,&quot;pause_on_hover&quot;:&quot;yes&quot;,&quot;pause_on_interaction&quot;:&quot;yes&quot;,&quot;autoplay_speed&quot;:5000,&quot;infinite&quot;:&quot;yes&quot;,&quot;speed&quot;:500}\" data-widget_type=\"image-carousel.default\">\n\t\t\t\t<div class=\"elementor-widget-container\">\n\t\t\t\t\t<div class=\"elementor-image-carousel-wrapper swiper-container\" dir=\"ltr\">\n\t\t\t<div class=\"elementor-image-carousel swiper-wrapper\">\n\t\t\t\t<div class=\"swiper-slide\"><figure class=\"swiper-slide-inner\"><img decoding=\"async\" class=\"swiper-slide-image\" src=\"https:\/\/thai-shokdee.ch\/Shokdee\/wp-content\/uploads\/2021\/02\/slide1.jpg\" alt=\"slide1\" \/><\/figure><\/div><div class=\"swiper-slide\"><figure class=\"swiper-slide-inner\"><img decoding=\"async\" class=\"swiper-slide-image\" src=\"https:\/\/thai-shokdee.ch\/Shokdee\/wp-content\/uploads\/2021\/02\/slide12.jpg\" alt=\"slide12\" \/><\/figure><\/div><div class=\"swiper-slide\"><figure class=\"swiper-slide-inner\"><img decoding=\"async\" class=\"swiper-slide-image\" src=\"https:\/\/thai-shokdee.ch\/Shokdee\/wp-content\/uploads\/2021\/02\/slide6.jpg\" alt=\"slide6\" \/><\/figure><\/div><div class=\"swiper-slide\"><figure class=\"swiper-slide-inner\"><img decoding=\"async\" class=\"swiper-slide-image\" src=\"https:\/\/thai-shokdee.ch\/Shokdee\/wp-content\/uploads\/2021\/02\/slide8.jpg\" alt=\"slide8\" \/><\/figure><\/div><div class=\"swiper-slide\"><figure class=\"swiper-slide-inner\"><img decoding=\"async\" class=\"swiper-slide-image\" src=\"https:\/\/thai-shokdee.ch\/Shokdee\/wp-content\/uploads\/2021\/02\/slide3.jpg\" alt=\"slide3\" \/><\/figure><\/div><div class=\"swiper-slide\"><figure class=\"swiper-slide-inner\"><img decoding=\"async\" class=\"swiper-slide-image\" src=\"https:\/\/thai-shokdee.ch\/Shokdee\/wp-content\/uploads\/2021\/02\/slide17.jpg\" alt=\"slide17\" \/><\/figure><\/div><div class=\"swiper-slide\"><figure class=\"swiper-slide-inner\"><img decoding=\"async\" class=\"swiper-slide-image\" src=\"https:\/\/thai-shokdee.ch\/Shokdee\/wp-content\/uploads\/2021\/02\/slide14.jpg\" alt=\"slide14\" \/><\/figure><\/div>\t\t\t<\/div>\n\t\t\t\t\t\t\t\t\t\t\t\t<div class=\"swiper-pagination\"><\/div>\n\t\t\t\t\t\t\t\t\t\t\t\t\t<div class=\"elementor-swiper-button elementor-swiper-button-prev\">\n\t\t\t\t\t\t<i class=\"eicon-chevron-left\" aria-hidden=\"true\"><\/i>\n\t\t\t\t\t\t<span class=\"elementor-screen-only\">Zur\u00fcck<\/span>\n\t\t\t\t\t<\/div>\n\t\t\t\t\t<div class=\"elementor-swiper-button elementor-swiper-button-next\">\n\t\t\t\t\t\t<i class=\"eicon-chevron-right\" aria-hidden=\"true\"><\/i>\n\t\t\t\t\t\t<span class=\"elementor-screen-only\">Weiter<\/span>\n\t\t\t\t\t<\/div>\n\t\t\t\t\t\t\t\t\t<\/div>\n\t\t\t\t<\/div>\n\t\t\t\t<\/div>\n\t\t\t\t\t<\/div>\n\t\t<\/div>\n\t\t\t\t\t\t\t<\/div>\n\t\t<\/section>\n\t\t\t\t<section class=\"elementor-section elementor-top-section elementor-element elementor-element-c3fec37 elementor-section-boxed elementor-section-height-default elementor-section-height-default\" data-id=\"c3fec37\" data-element_type=\"section\">\n\t\t\t\t\t\t<div class=\"elementor-container elementor-column-gap-default\">\n\t\t\t\t\t<div class=\"elementor-column elementor-col-100 elementor-top-column elementor-element elementor-element-42780d0\" data-id=\"42780d0\" data-element_type=\"column\">\n\t\t\t<div class=\"elementor-widget-wrap elementor-element-populated\">\n\t\t\t\t\t\t\t\t<div class=\"elementor-element elementor-element-f72fa3a elementor-widget elementor-widget-heading\" data-id=\"f72fa3a\" data-element_type=\"widget\" data-widget_type=\"heading.default\">\n\t\t\t\t<div class=\"elementor-widget-container\">\n\t\t\t<h2 class=\"elementor-heading-title elementor-size-default\">SPEZIALIT\u00c4TEN<\/h2>\t\t<\/div>\n\t\t\t\t<\/div>\n\t\t\t\t\t<\/div>\n\t\t<\/div>\n\t\t\t\t\t\t\t<\/div>\n\t\t<\/section>\n\t\t\t\t<section class=\"elementor-section elementor-top-section elementor-element elementor-element-897b853 elementor-section-boxed elementor-section-height-default elementor-section-height-default\" data-id=\"897b853\" data-element_type=\"section\">\n\t\t\t\t\t\t<div class=\"elementor-container elementor-column-gap-default\">\n\t\t\t\t\t<div class=\"elementor-column elementor-col-100 elementor-top-column elementor-element elementor-element-84b69e0\" data-id=\"84b69e0\" data-element_type=\"column\">\n\t\t\t<div class=\"elementor-widget-wrap elementor-element-populated\">\n\t\t\t\t\t\t\t\t<div class=\"elementor-element elementor-element-77748c3 elementor-widget elementor-widget-heading\" data-id=\"77748c3\" data-element_type=\"widget\" data-widget_type=\"heading.default\">\n\t\t\t\t<div class=\"elementor-widget-container\">\n\t\t\t<h2 class=\"elementor-heading-title elementor-size-default\"><a href=\"https:\/\/thai-shokdee.ch\/Shokdee\/wp-content\/uploads\/2025\/02\/12-24-Menukarte.pdf\" target=\"_blank\"><b>Menu als pdf zum <u>download<\/u><\/b><\/a><\/h2>\t\t<\/div>\n\t\t\t\t<\/div>\n\t\t\t\t\t<\/div>\n\t\t<\/div>\n\t\t\t\t\t\t\t<\/div>\n\t\t<\/section>\n\t\t\t\t<section class=\"elementor-section elementor-top-section elementor-element elementor-element-938b4b1 elementor-section-boxed elementor-section-height-default elementor-section-height-default\" data-id=\"938b4b1\" data-element_type=\"section\">\n\t\t\t\t\t\t<div class=\"elementor-container elementor-column-gap-default\">\n\t\t\t\t\t<div class=\"elementor-column elementor-col-100 elementor-top-column elementor-element elementor-element-75b2828\" data-id=\"75b2828\" data-element_type=\"column\">\n\t\t\t<div class=\"elementor-widget-wrap elementor-element-populated\">\n\t\t\t\t\t\t\t\t<div class=\"elementor-element elementor-element-741306f elementor-widget elementor-widget-text-editor\" data-id=\"741306f\" data-element_type=\"widget\" data-widget_type=\"text-editor.default\">\n\t\t\t\t<div class=\"elementor-widget-container\">\n\t\t\t\t\t\t\t\t<p>Vorspeisen<\/p>\t\t\t\t\t\t<\/div>\n\t\t\t\t<\/div>\n\t\t\t\t\t<\/div>\n\t\t<\/div>\n\t\t\t\t\t\t\t<\/div>\n\t\t<\/section>\n\t\t\t\t<section class=\"elementor-section elementor-top-section elementor-element elementor-element-a614374 elementor-section-boxed elementor-section-height-default elementor-section-height-default\" data-id=\"a614374\" data-element_type=\"section\">\n\t\t\t\t\t\t<div class=\"elementor-container elementor-column-gap-default\">\n\t\t\t\t\t<div class=\"elementor-column elementor-col-50 elementor-top-column elementor-element elementor-element-00018b5\" data-id=\"00018b5\" data-element_type=\"column\">\n\t\t\t<div class=\"elementor-widget-wrap elementor-element-populated\">\n\t\t\t\t\t\t\t\t<div class=\"elementor-element elementor-element-68fa6b7 elementor-widget elementor-widget-image\" data-id=\"68fa6b7\" data-element_type=\"widget\" data-widget_type=\"image.default\">\n\t\t\t\t<div class=\"elementor-widget-container\">\n\t\t\t\t\t\t\t\t\t\t\t\t\t\t\t<img loading=\"lazy\" decoding=\"async\" width=\"400\" height=\"225\" src=\"https:\/\/thai-shokdee.ch\/Shokdee\/wp-content\/uploads\/2021\/02\/14_food.jpg\" class=\"attachment-large size-large\" alt=\"\" srcset=\"https:\/\/thai-shokdee.ch\/Shokdee\/wp-content\/uploads\/2021\/02\/14_food.jpg 400w, https:\/\/thai-shokdee.ch\/Shokdee\/wp-content\/uploads\/2021\/02\/14_food-300x169.jpg 300w\" sizes=\"auto, (max-width: 400px) 100vw, 400px\" \/>\t\t\t\t\t\t\t\t\t\t\t\t\t\t\t<\/div>\n\t\t\t\t<\/div>\n\t\t\t\t\t<\/div>\n\t\t<\/div>\n\t\t\t\t<div class=\"elementor-column elementor-col-50 elementor-top-column elementor-element elementor-element-3fd1712\" data-id=\"3fd1712\" data-element_type=\"column\">\n\t\t\t<div class=\"elementor-widget-wrap elementor-element-populated\">\n\t\t\t\t\t\t\t\t<div class=\"elementor-element elementor-element-2aa5fa9 elementor-widget elementor-widget-text-editor\" data-id=\"2aa5fa9\" data-element_type=\"widget\" data-widget_type=\"text-editor.default\">\n\t\t\t\t<div class=\"elementor-widget-container\">\n\t\t\t\t\t\t\t\t<p><b>Kha Nom Jieb<\/b><\/p>\n<p>Ged\u00e4mpfter Wan\u2013Tan gef\u00fcllt mit<\/p>\n<p>Schweinehackfleisch und Gem\u00fcse<\/p>\t\t\t\t\t\t<\/div>\n\t\t\t\t<\/div>\n\t\t\t\t\t<\/div>\n\t\t<\/div>\n\t\t\t\t\t\t\t<\/div>\n\t\t<\/section>\n\t\t\t\t<section class=\"elementor-section elementor-top-section elementor-element elementor-element-6652cc1 elementor-section-boxed elementor-section-height-default elementor-section-height-default\" data-id=\"6652cc1\" data-element_type=\"section\">\n\t\t\t\t\t\t<div class=\"elementor-container elementor-column-gap-default\">\n\t\t\t\t\t<div class=\"elementor-column elementor-col-50 elementor-top-column elementor-element elementor-element-d1570ff\" data-id=\"d1570ff\" data-element_type=\"column\">\n\t\t\t<div class=\"elementor-widget-wrap elementor-element-populated\">\n\t\t\t\t\t\t\t\t<div class=\"elementor-element elementor-element-658787d elementor-widget elementor-widget-image\" data-id=\"658787d\" data-element_type=\"widget\" data-widget_type=\"image.default\">\n\t\t\t\t<div class=\"elementor-widget-container\">\n\t\t\t\t\t\t\t\t\t\t\t\t\t\t\t<img loading=\"lazy\" decoding=\"async\" width=\"400\" height=\"225\" src=\"https:\/\/thai-shokdee.ch\/Shokdee\/wp-content\/uploads\/2021\/02\/21_food.jpg\" class=\"attachment-large size-large\" alt=\"\" srcset=\"https:\/\/thai-shokdee.ch\/Shokdee\/wp-content\/uploads\/2021\/02\/21_food.jpg 400w, https:\/\/thai-shokdee.ch\/Shokdee\/wp-content\/uploads\/2021\/02\/21_food-300x169.jpg 300w\" sizes=\"auto, (max-width: 400px) 100vw, 400px\" \/>\t\t\t\t\t\t\t\t\t\t\t\t\t\t\t<\/div>\n\t\t\t\t<\/div>\n\t\t\t\t\t<\/div>\n\t\t<\/div>\n\t\t\t\t<div class=\"elementor-column elementor-col-50 elementor-top-column elementor-element elementor-element-94e5fb9\" data-id=\"94e5fb9\" data-element_type=\"column\">\n\t\t\t<div class=\"elementor-widget-wrap elementor-element-populated\">\n\t\t\t\t\t\t\t\t<div class=\"elementor-element elementor-element-5d336c8 elementor-widget elementor-widget-text-editor\" data-id=\"5d336c8\" data-element_type=\"widget\" data-widget_type=\"text-editor.default\">\n\t\t\t\t<div class=\"elementor-widget-container\">\n\t\t\t\t\t\t\t\t<p><b>Som Tam<\/b><\/p><p>Papaya Salat<\/p>\t\t\t\t\t\t<\/div>\n\t\t\t\t<\/div>\n\t\t\t\t\t<\/div>\n\t\t<\/div>\n\t\t\t\t\t\t\t<\/div>\n\t\t<\/section>\n\t\t\t\t<section class=\"elementor-section elementor-top-section elementor-element elementor-element-238bda8 elementor-section-boxed elementor-section-height-default elementor-section-height-default\" data-id=\"238bda8\" data-element_type=\"section\">\n\t\t\t\t\t\t<div class=\"elementor-container elementor-column-gap-default\">\n\t\t\t\t\t<div class=\"elementor-column elementor-col-50 elementor-top-column elementor-element elementor-element-a625446\" data-id=\"a625446\" data-element_type=\"column\">\n\t\t\t<div class=\"elementor-widget-wrap elementor-element-populated\">\n\t\t\t\t\t\t\t\t<div class=\"elementor-element elementor-element-78b2335 elementor-widget elementor-widget-image\" data-id=\"78b2335\" data-element_type=\"widget\" data-widget_type=\"image.default\">\n\t\t\t\t<div class=\"elementor-widget-container\">\n\t\t\t\t\t\t\t\t\t\t\t\t\t\t\t<img loading=\"lazy\" decoding=\"async\" width=\"400\" height=\"225\" src=\"https:\/\/thai-shokdee.ch\/Shokdee\/wp-content\/uploads\/2021\/02\/10_food.jpg\" class=\"attachment-large size-large\" alt=\"\" srcset=\"https:\/\/thai-shokdee.ch\/Shokdee\/wp-content\/uploads\/2021\/02\/10_food.jpg 400w, https:\/\/thai-shokdee.ch\/Shokdee\/wp-content\/uploads\/2021\/02\/10_food-300x169.jpg 300w\" sizes=\"auto, (max-width: 400px) 100vw, 400px\" \/>\t\t\t\t\t\t\t\t\t\t\t\t\t\t\t<\/div>\n\t\t\t\t<\/div>\n\t\t\t\t\t<\/div>\n\t\t<\/div>\n\t\t\t\t<div class=\"elementor-column elementor-col-50 elementor-top-column elementor-element elementor-element-8d70a4f\" data-id=\"8d70a4f\" data-element_type=\"column\">\n\t\t\t<div class=\"elementor-widget-wrap elementor-element-populated\">\n\t\t\t\t\t\t\t\t<div class=\"elementor-element elementor-element-5fa92f8 elementor-widget elementor-widget-text-editor\" data-id=\"5fa92f8\" data-element_type=\"widget\" data-widget_type=\"text-editor.default\">\n\t\t\t\t<div class=\"elementor-widget-container\">\n\t\t\t\t\t\t\t\t<p><b>Kai\u00a0Sattey<\/b><\/p><p>Poulet Spiessli<\/p>\t\t\t\t\t\t<\/div>\n\t\t\t\t<\/div>\n\t\t\t\t\t<\/div>\n\t\t<\/div>\n\t\t\t\t\t\t\t<\/div>\n\t\t<\/section>\n\t\t\t\t<section class=\"elementor-section elementor-top-section elementor-element elementor-element-7c156bb elementor-section-boxed elementor-section-height-default elementor-section-height-default\" data-id=\"7c156bb\" data-element_type=\"section\">\n\t\t\t\t\t\t<div class=\"elementor-container elementor-column-gap-default\">\n\t\t\t\t\t<div class=\"elementor-column elementor-col-100 elementor-top-column elementor-element elementor-element-6e333c5\" data-id=\"6e333c5\" data-element_type=\"column\">\n\t\t\t<div class=\"elementor-widget-wrap elementor-element-populated\">\n\t\t\t\t\t\t\t\t<div class=\"elementor-element elementor-element-f0a8166 elementor-widget elementor-widget-text-editor\" data-id=\"f0a8166\" data-element_type=\"widget\" data-widget_type=\"text-editor.default\">\n\t\t\t\t<div class=\"elementor-widget-container\">\n\t\t\t\t\t\t\t\t<p>Hauptspeisen<\/p>\t\t\t\t\t\t<\/div>\n\t\t\t\t<\/div>\n\t\t\t\t\t<\/div>\n\t\t<\/div>\n\t\t\t\t\t\t\t<\/div>\n\t\t<\/section>\n\t\t\t\t<section class=\"elementor-section elementor-top-section elementor-element elementor-element-101fdb5 elementor-section-boxed elementor-section-height-default elementor-section-height-default\" data-id=\"101fdb5\" data-element_type=\"section\">\n\t\t\t\t\t\t<div class=\"elementor-container elementor-column-gap-default\">\n\t\t\t\t\t<div class=\"elementor-column elementor-col-50 elementor-top-column elementor-element elementor-element-a294c7d\" data-id=\"a294c7d\" data-element_type=\"column\">\n\t\t\t<div class=\"elementor-widget-wrap elementor-element-populated\">\n\t\t\t\t\t\t\t\t<div class=\"elementor-element elementor-element-cd9dc93 elementor-widget elementor-widget-image\" data-id=\"cd9dc93\" data-element_type=\"widget\" data-widget_type=\"image.default\">\n\t\t\t\t<div class=\"elementor-widget-container\">\n\t\t\t\t\t\t\t\t\t\t\t\t\t\t\t<img loading=\"lazy\" decoding=\"async\" width=\"400\" height=\"240\" src=\"https:\/\/thai-shokdee.ch\/Shokdee\/wp-content\/uploads\/2021\/02\/01a_food.jpg\" class=\"attachment-large size-large\" alt=\"\" srcset=\"https:\/\/thai-shokdee.ch\/Shokdee\/wp-content\/uploads\/2021\/02\/01a_food.jpg 400w, https:\/\/thai-shokdee.ch\/Shokdee\/wp-content\/uploads\/2021\/02\/01a_food-300x180.jpg 300w\" sizes=\"auto, (max-width: 400px) 100vw, 400px\" \/>\t\t\t\t\t\t\t\t\t\t\t\t\t\t\t<\/div>\n\t\t\t\t<\/div>\n\t\t\t\t\t<\/div>\n\t\t<\/div>\n\t\t\t\t<div class=\"elementor-column elementor-col-50 elementor-top-column elementor-element elementor-element-ae68cef\" data-id=\"ae68cef\" data-element_type=\"column\">\n\t\t\t<div class=\"elementor-widget-wrap elementor-element-populated\">\n\t\t\t\t\t\t\t\t<div class=\"elementor-element elementor-element-82aa2fa elementor-widget elementor-widget-text-editor\" data-id=\"82aa2fa\" data-element_type=\"widget\" data-widget_type=\"text-editor.default\">\n\t\t\t\t<div class=\"elementor-widget-container\">\n\t\t\t\t\t\t\t\t<p><b>Tom Kha Kai\u00a0<\/b><\/p><p>Poulet in Kokosmilch Suppe<\/p><p>Galant und Zitronengras<\/p>\t\t\t\t\t\t<\/div>\n\t\t\t\t<\/div>\n\t\t\t\t\t<\/div>\n\t\t<\/div>\n\t\t\t\t\t\t\t<\/div>\n\t\t<\/section>\n\t\t\t\t<section class=\"elementor-section elementor-top-section elementor-element elementor-element-8461dcb elementor-section-boxed elementor-section-height-default elementor-section-height-default\" data-id=\"8461dcb\" data-element_type=\"section\">\n\t\t\t\t\t\t<div class=\"elementor-container elementor-column-gap-default\">\n\t\t\t\t\t<div class=\"elementor-column elementor-col-50 elementor-top-column elementor-element elementor-element-a3db447\" data-id=\"a3db447\" data-element_type=\"column\">\n\t\t\t<div class=\"elementor-widget-wrap elementor-element-populated\">\n\t\t\t\t\t\t\t\t<div class=\"elementor-element elementor-element-e6c7702 elementor-widget elementor-widget-image\" data-id=\"e6c7702\" data-element_type=\"widget\" data-widget_type=\"image.default\">\n\t\t\t\t<div class=\"elementor-widget-container\">\n\t\t\t\t\t\t\t\t\t\t\t\t\t\t\t<img loading=\"lazy\" decoding=\"async\" width=\"400\" height=\"225\" src=\"https:\/\/thai-shokdee.ch\/Shokdee\/wp-content\/uploads\/2021\/02\/06_food.jpg\" class=\"attachment-large size-large\" alt=\"\" srcset=\"https:\/\/thai-shokdee.ch\/Shokdee\/wp-content\/uploads\/2021\/02\/06_food.jpg 400w, https:\/\/thai-shokdee.ch\/Shokdee\/wp-content\/uploads\/2021\/02\/06_food-300x169.jpg 300w\" sizes=\"auto, (max-width: 400px) 100vw, 400px\" \/>\t\t\t\t\t\t\t\t\t\t\t\t\t\t\t<\/div>\n\t\t\t\t<\/div>\n\t\t\t\t\t<\/div>\n\t\t<\/div>\n\t\t\t\t<div class=\"elementor-column elementor-col-50 elementor-top-column elementor-element elementor-element-0b6ba2f\" data-id=\"0b6ba2f\" data-element_type=\"column\">\n\t\t\t<div class=\"elementor-widget-wrap elementor-element-populated\">\n\t\t\t\t\t\t\t\t<div class=\"elementor-element elementor-element-4c83e1e elementor-widget elementor-widget-text-editor\" data-id=\"4c83e1e\" data-element_type=\"widget\" data-widget_type=\"text-editor.default\">\n\t\t\t\t<div class=\"elementor-widget-container\">\n\t\t\t\t\t\t\t\t<p><b>Pa\u2013Naeng <\/b>(Fleisch nach ihrer Wahl)<\/p><p>Pa\u2013Naeng Curry in Kokosmilch\u00a0<\/p><p>mit\u00a0<span style=\"background-color: var( --e-global-color-89a985a ); letter-spacing: 0px;\">Kafirbl\u00e4ttern<\/span><\/p>\t\t\t\t\t\t<\/div>\n\t\t\t\t<\/div>\n\t\t\t\t\t<\/div>\n\t\t<\/div>\n\t\t\t\t\t\t\t<\/div>\n\t\t<\/section>\n\t\t\t\t\t\t<\/div>\n\t\t\t\t\t<\/div>\n\t\t","protected":false},"excerpt":{"rendered":"<p>Zur\u00fcck Weiter SPEZIALIT\u00c4TEN Menu als pdf zum download Vorspeisen Kha Nom Jieb Ged\u00e4mpfter Wan\u2013Tan gef\u00fcllt mit Schweinehackfleisch und Gem\u00fcse Som Tam Papaya Salat Kai\u00a0Sattey Poulet Spiessli Hauptspeisen Tom Kha Kai\u00a0 Poulet in Kokosmilch Suppe Galant und Zitronengras Pa\u2013Naeng (Fleisch nach ihrer Wahl) Pa\u2013Naeng Curry in Kokosmilch\u00a0 mit\u00a0Kafirbl\u00e4ttern<\/p>\n","protected":false},"author":1,"featured_media":0,"parent":0,"menu_order":0,"comment_status":"closed","ping_status":"closed","template":"elementor_header_footer","meta":{"footnotes":""},"class_list":["post-89","page","type-page","status-publish","hentry"],"_links":{"self":[{"href":"https:\/\/thai-shokdee.ch\/Shokdee\/wp-json\/wp\/v2\/pages\/89","targetHints":{"allow":["GET"]}}],"collection":[{"href":"https:\/\/thai-shokdee.ch\/Shokdee\/wp-json\/wp\/v2\/pages"}],"about":[{"href":"https:\/\/thai-shokdee.ch\/Shokdee\/wp-json\/wp\/v2\/types\/page"}],"author":[{"embeddable":true,"href":"https:\/\/thai-shokdee.ch\/Shokdee\/wp-json\/wp\/v2\/users\/1"}],"replies":[{"embeddable":true,"href":"https:\/\/thai-shokdee.ch\/Shokdee\/wp-json\/wp\/v2\/comments?post=89"}],"version-history":[{"count":79,"href":"https:\/\/thai-shokdee.ch\/Shokdee\/wp-json\/wp\/v2\/pages\/89\/revisions"}],"predecessor-version":[{"id":4767,"href":"https:\/\/thai-shokdee.ch\/Shokdee\/wp-json\/wp\/v2\/pages\/89\/revisions\/4767"}],"wp:attachment":[{"href":"https:\/\/thai-shokdee.ch\/Shokdee\/wp-json\/wp\/v2\/media?parent=89"}],"curies":[{"name":"wp","href":"https:\/\/api.w.org\/{rel}","templated":true}]}}