{"id":294,"date":"2021-02-27T17:07:50","date_gmt":"2021-02-27T17:07:50","guid":{"rendered":"https:\/\/thai-shokdee.ch\/Shokdee\/?page_id=294"},"modified":"2021-02-27T17:08:53","modified_gmt":"2021-02-27T17:08:53","slug":"ueber-uns","status":"publish","type":"page","link":"https:\/\/thai-shokdee.ch\/Shokdee\/ueber-uns\/","title":{"rendered":"\u00dcBER UNS"},"content":{"rendered":"\t\t<div data-elementor-type=\"wp-page\" data-elementor-id=\"294\" class=\"elementor elementor-294\" data-elementor-settings=\"[]\">\n\t\t\t\t\t\t\t<div class=\"elementor-section-wrap\">\n\t\t\t\t\t\t\t<section class=\"elementor-section elementor-top-section elementor-element elementor-element-22ffcbf elementor-section-boxed elementor-section-height-default elementor-section-height-default\" data-id=\"22ffcbf\" data-element_type=\"section\">\n\t\t\t\t\t\t<div class=\"elementor-container elementor-column-gap-default\">\n\t\t\t\t\t<div class=\"elementor-column elementor-col-100 elementor-top-column elementor-element elementor-element-84089e0\" data-id=\"84089e0\" data-element_type=\"column\">\n\t\t\t<div class=\"elementor-widget-wrap elementor-element-populated\">\n\t\t\t\t\t\t\t\t<div class=\"elementor-element elementor-element-6657695 elementor-arrows-position-inside elementor-pagination-position-outside elementor-widget elementor-widget-image-carousel\" data-id=\"6657695\" data-element_type=\"widget\" data-settings=\"{&quot;navigation&quot;:&quot;both&quot;,&quot;autoplay&quot;:&quot;yes&quot;,&quot;pause_on_hover&quot;:&quot;yes&quot;,&quot;pause_on_interaction&quot;:&quot;yes&quot;,&quot;autoplay_speed&quot;:5000,&quot;infinite&quot;:&quot;yes&quot;,&quot;speed&quot;:500}\" data-widget_type=\"image-carousel.default\">\n\t\t\t\t<div class=\"elementor-widget-container\">\n\t\t\t\t\t<div class=\"elementor-image-carousel-wrapper swiper-container\" dir=\"ltr\">\n\t\t\t<div class=\"elementor-image-carousel swiper-wrapper\">\n\t\t\t\t<div class=\"swiper-slide\"><figure class=\"swiper-slide-inner\"><img decoding=\"async\" class=\"swiper-slide-image\" src=\"https:\/\/thai-shokdee.ch\/Shokdee\/wp-content\/uploads\/2021\/02\/slide1.jpg\" alt=\"slide1\" \/><\/figure><\/div><div class=\"swiper-slide\"><figure class=\"swiper-slide-inner\"><img decoding=\"async\" class=\"swiper-slide-image\" src=\"https:\/\/thai-shokdee.ch\/Shokdee\/wp-content\/uploads\/2021\/02\/slide12.jpg\" alt=\"slide12\" \/><\/figure><\/div><div class=\"swiper-slide\"><figure class=\"swiper-slide-inner\"><img decoding=\"async\" class=\"swiper-slide-image\" src=\"https:\/\/thai-shokdee.ch\/Shokdee\/wp-content\/uploads\/2021\/02\/slide14.jpg\" alt=\"slide14\" \/><\/figure><\/div><div class=\"swiper-slide\"><figure class=\"swiper-slide-inner\"><img decoding=\"async\" class=\"swiper-slide-image\" src=\"https:\/\/thai-shokdee.ch\/Shokdee\/wp-content\/uploads\/2021\/02\/slide3.jpg\" alt=\"slide3\" \/><\/figure><\/div><div class=\"swiper-slide\"><figure class=\"swiper-slide-inner\"><img decoding=\"async\" class=\"swiper-slide-image\" src=\"https:\/\/thai-shokdee.ch\/Shokdee\/wp-content\/uploads\/2021\/02\/slide8.jpg\" alt=\"slide8\" \/><\/figure><\/div><div class=\"swiper-slide\"><figure class=\"swiper-slide-inner\"><img decoding=\"async\" class=\"swiper-slide-image\" src=\"https:\/\/thai-shokdee.ch\/Shokdee\/wp-content\/uploads\/2021\/02\/slide6.jpg\" alt=\"slide6\" \/><\/figure><\/div>\t\t\t<\/div>\n\t\t\t\t\t\t\t\t\t\t\t\t<div class=\"swiper-pagination\"><\/div>\n\t\t\t\t\t\t\t\t\t\t\t\t\t<div class=\"elementor-swiper-button elementor-swiper-button-prev\">\n\t\t\t\t\t\t<i class=\"eicon-chevron-left\" aria-hidden=\"true\"><\/i>\n\t\t\t\t\t\t<span class=\"elementor-screen-only\">Zur\u00fcck<\/span>\n\t\t\t\t\t<\/div>\n\t\t\t\t\t<div class=\"elementor-swiper-button elementor-swiper-button-next\">\n\t\t\t\t\t\t<i class=\"eicon-chevron-right\" aria-hidden=\"true\"><\/i>\n\t\t\t\t\t\t<span class=\"elementor-screen-only\">Weiter<\/span>\n\t\t\t\t\t<\/div>\n\t\t\t\t\t\t\t\t\t<\/div>\n\t\t\t\t<\/div>\n\t\t\t\t<\/div>\n\t\t\t\t\t<\/div>\n\t\t<\/div>\n\t\t\t\t\t\t\t<\/div>\n\t\t<\/section>\n\t\t\t\t<section class=\"elementor-section elementor-top-section elementor-element elementor-element-6c957ba9 elementor-section-boxed elementor-section-height-default elementor-section-height-default\" data-id=\"6c957ba9\" data-element_type=\"section\" data-settings=\"{&quot;background_background&quot;:&quot;classic&quot;}\">\n\t\t\t\t\t\t<div class=\"elementor-container elementor-column-gap-default\">\n\t\t\t\t\t<div class=\"elementor-column elementor-col-100 elementor-top-column elementor-element elementor-element-1add6c2d\" data-id=\"1add6c2d\" data-element_type=\"column\" data-settings=\"{&quot;background_background&quot;:&quot;classic&quot;}\">\n\t\t\t<div class=\"elementor-widget-wrap elementor-element-populated\">\n\t\t\t\t\t\t\t\t<div class=\"elementor-element elementor-element-7dc57030 elementor-widget elementor-widget-text-editor\" data-id=\"7dc57030\" data-element_type=\"widget\" data-widget_type=\"text-editor.default\">\n\t\t\t\t<div class=\"elementor-widget-container\">\n\t\t\t\t\t\t\t\t<p>\u00dcBER UNS<\/p>\t\t\t\t\t\t<\/div>\n\t\t\t\t<\/div>\n\t\t\t\t\t<\/div>\n\t\t<\/div>\n\t\t\t\t\t\t\t<\/div>\n\t\t<\/section>\n\t\t\t\t<section class=\"elementor-section elementor-top-section elementor-element elementor-element-a389812 elementor-section-boxed elementor-section-height-default elementor-section-height-default\" data-id=\"a389812\" data-element_type=\"section\">\n\t\t\t\t\t\t<div class=\"elementor-container elementor-column-gap-default\">\n\t\t\t\t\t<div class=\"elementor-column elementor-col-100 elementor-top-column elementor-element elementor-element-81f9de5\" data-id=\"81f9de5\" data-element_type=\"column\">\n\t\t\t<div class=\"elementor-widget-wrap elementor-element-populated\">\n\t\t\t\t\t\t\t\t<section class=\"elementor-section elementor-inner-section elementor-element elementor-element-46befb7 elementor-section-boxed elementor-section-height-default elementor-section-height-default\" data-id=\"46befb7\" data-element_type=\"section\" data-settings=\"{&quot;background_background&quot;:&quot;classic&quot;}\">\n\t\t\t\t\t\t<div class=\"elementor-container elementor-column-gap-default\">\n\t\t\t\t\t<div class=\"elementor-column elementor-col-50 elementor-inner-column elementor-element elementor-element-0d852ef\" data-id=\"0d852ef\" data-element_type=\"column\">\n\t\t\t<div class=\"elementor-widget-wrap elementor-element-populated\">\n\t\t\t\t\t\t\t\t<div class=\"elementor-element elementor-element-495ef9e elementor-widget elementor-widget-image\" data-id=\"495ef9e\" data-element_type=\"widget\" data-widget_type=\"image.default\">\n\t\t\t\t<div class=\"elementor-widget-container\">\n\t\t\t\t\t\t\t\t\t\t\t\t\t\t\t<img loading=\"lazy\" decoding=\"async\" width=\"337\" height=\"600\" src=\"https:\/\/thai-shokdee.ch\/Shokdee\/wp-content\/uploads\/2021\/02\/09_zeremonie.jpg\" class=\"attachment-large size-large\" alt=\"\" srcset=\"https:\/\/thai-shokdee.ch\/Shokdee\/wp-content\/uploads\/2021\/02\/09_zeremonie.jpg 337w, https:\/\/thai-shokdee.ch\/Shokdee\/wp-content\/uploads\/2021\/02\/09_zeremonie-169x300.jpg 169w\" sizes=\"auto, (max-width: 337px) 100vw, 337px\" \/>\t\t\t\t\t\t\t\t\t\t\t\t\t\t\t<\/div>\n\t\t\t\t<\/div>\n\t\t\t\t\t<\/div>\n\t\t<\/div>\n\t\t\t\t<div class=\"elementor-column elementor-col-50 elementor-inner-column elementor-element elementor-element-d2589a8\" data-id=\"d2589a8\" data-element_type=\"column\">\n\t\t\t<div class=\"elementor-widget-wrap elementor-element-populated\">\n\t\t\t\t\t\t\t\t<div class=\"elementor-element elementor-element-2c1fd0f elementor-widget elementor-widget-text-editor\" data-id=\"2c1fd0f\" data-element_type=\"widget\" data-widget_type=\"text-editor.default\">\n\t\t\t\t<div class=\"elementor-widget-container\">\n\t\t\t\t\t\t\t\t<p>Mein Name ist Jaruwan Pfluger. Sie d\u00fcrfen mir gerne &#8222;Nokky&#8220; sagen. Ich wuchs in der Provinz Ratchaburi, Zentralthailand auf. Ein grosses Reiseziel in Ratchaburi ist &#8222;der schwimmende Markt&#8220; oder auf Englisch &#8222;the floating market&#8220;.<\/p>\n<p>Meine Leidenschaft ist das Kochen. Das Kochen habe ich bei meiner Mutter abgeschaut, die war als K\u00f6chin in Thailand t\u00e4tig und im grossen Umkreis bekannt. Sie brachte mir das authentische Thai Kochen schon mit 10 Jahren bei. Meine Speisen werden frisch zubereitet. Unsere K\u00fcche ist offen &#8211; Sie d\u00fcrfen mir ruhig beim Kochen zuschauen.<\/p>\n<p>Herzlichen Dank f\u00fcr Ihr Vertrauen &#8211; Kob Khun Ka<\/p>\n<p><b>Shokdee ka!<\/b><\/p>\t\t\t\t\t\t<\/div>\n\t\t\t\t<\/div>\n\t\t\t\t\t<\/div>\n\t\t<\/div>\n\t\t\t\t\t\t\t<\/div>\n\t\t<\/section>\n\t\t\t\t\t<\/div>\n\t\t<\/div>\n\t\t\t\t\t\t\t<\/div>\n\t\t<\/section>\n\t\t\t\t<section class=\"elementor-section elementor-top-section elementor-element elementor-element-7ecb4e8b elementor-section-boxed elementor-section-height-default elementor-section-height-default\" data-id=\"7ecb4e8b\" data-element_type=\"section\" data-settings=\"{&quot;background_background&quot;:&quot;classic&quot;}\">\n\t\t\t\t\t\t<div class=\"elementor-container elementor-column-gap-default\">\n\t\t\t\t\t<div class=\"elementor-column elementor-col-100 elementor-top-column elementor-element elementor-element-12301f23\" data-id=\"12301f23\" data-element_type=\"column\" data-settings=\"{&quot;background_background&quot;:&quot;classic&quot;}\">\n\t\t\t<div class=\"elementor-widget-wrap elementor-element-populated\">\n\t\t\t\t\t\t\t\t<div class=\"elementor-element elementor-element-13b430c9 elementor-widget elementor-widget-text-editor\" data-id=\"13b430c9\" data-element_type=\"widget\" data-widget_type=\"text-editor.default\">\n\t\t\t\t<div class=\"elementor-widget-container\">\n\t\t\t\t\t\t\t\t<p>WO WIR ZU FINDEN SIND<\/p>\t\t\t\t\t\t<\/div>\n\t\t\t\t<\/div>\n\t\t\t\t\t<\/div>\n\t\t<\/div>\n\t\t\t\t\t\t\t<\/div>\n\t\t<\/section>\n\t\t\t\t<section class=\"elementor-section elementor-top-section elementor-element elementor-element-870d7bf elementor-section-boxed elementor-section-height-default elementor-section-height-default\" data-id=\"870d7bf\" data-element_type=\"section\">\n\t\t\t\t\t\t<div class=\"elementor-container elementor-column-gap-default\">\n\t\t\t\t\t<div class=\"elementor-column elementor-col-100 elementor-top-column elementor-element elementor-element-ae1f7ef\" data-id=\"ae1f7ef\" data-element_type=\"column\" data-settings=\"{&quot;background_background&quot;:&quot;classic&quot;}\">\n\t\t\t<div class=\"elementor-widget-wrap elementor-element-populated\">\n\t\t\t\t\t\t\t\t<div class=\"elementor-element elementor-element-6d7e6f7 elementor-widget elementor-widget-google_maps\" data-id=\"6d7e6f7\" data-element_type=\"widget\" data-widget_type=\"google_maps.default\">\n\t\t\t\t<div class=\"elementor-widget-container\">\n\t\t\t\t\t<div class=\"elementor-custom-embed\">\n\t\t\t<iframe frameborder=\"0\" scrolling=\"no\" marginheight=\"0\" marginwidth=\"0\" src=\"https:\/\/maps.google.com\/maps?q=G%C3%BCmligen%2C%20Thai-Shokdee&amp;t=m&amp;z=10&amp;output=embed&amp;iwloc=near\" title=\"%3$s\" aria-label=\"%3$s\"><\/iframe>\n\t\t<\/div>\n\t\t\t\t<\/div>\n\t\t\t\t<\/div>\n\t\t\t\t\t<\/div>\n\t\t<\/div>\n\t\t\t\t\t\t\t<\/div>\n\t\t<\/section>\n\t\t\t\t\t\t<\/div>\n\t\t\t\t\t<\/div>\n\t\t","protected":false},"excerpt":{"rendered":"<p>Zur\u00fcck Weiter \u00dcBER UNS Mein Name ist Jaruwan Pfluger. Sie d\u00fcrfen mir gerne &#8222;Nokky&#8220; sagen. Ich wuchs in der Provinz Ratchaburi, Zentralthailand auf. Ein grosses Reiseziel in Ratchaburi ist &#8222;der schwimmende Markt&#8220; oder auf Englisch &#8222;the floating market&#8220;. Meine Leidenschaft ist das Kochen. Das Kochen habe ich bei meiner Mutter abgeschaut, die war als K\u00f6chin [&hellip;]<\/p>\n","protected":false},"author":1,"featured_media":0,"parent":0,"menu_order":5,"comment_status":"closed","ping_status":"closed","template":"elementor_header_footer","meta":{"footnotes":""},"class_list":["post-294","page","type-page","status-publish","hentry"],"_links":{"self":[{"href":"https:\/\/thai-shokdee.ch\/Shokdee\/wp-json\/wp\/v2\/pages\/294","targetHints":{"allow":["GET"]}}],"collection":[{"href":"https:\/\/thai-shokdee.ch\/Shokdee\/wp-json\/wp\/v2\/pages"}],"about":[{"href":"https:\/\/thai-shokdee.ch\/Shokdee\/wp-json\/wp\/v2\/types\/page"}],"author":[{"embeddable":true,"href":"https:\/\/thai-shokdee.ch\/Shokdee\/wp-json\/wp\/v2\/users\/1"}],"replies":[{"embeddable":true,"href":"https:\/\/thai-shokdee.ch\/Shokdee\/wp-json\/wp\/v2\/comments?post=294"}],"version-history":[{"count":4,"href":"https:\/\/thai-shokdee.ch\/Shokdee\/wp-json\/wp\/v2\/pages\/294\/revisions"}],"predecessor-version":[{"id":298,"href":"https:\/\/thai-shokdee.ch\/Shokdee\/wp-json\/wp\/v2\/pages\/294\/revisions\/298"}],"wp:attachment":[{"href":"https:\/\/thai-shokdee.ch\/Shokdee\/wp-json\/wp\/v2\/media?parent=294"}],"curies":[{"name":"wp","href":"https:\/\/api.w.org\/{rel}","templated":true}]}}